{"id":1624,"date":"2019-03-30T19:14:39","date_gmt":"2019-03-30T19:14:39","guid":{"rendered":"https:\/\/www.masconfort.com\/colchon-sonpura-con-100-dias-de-prueba"},"modified":"2025-09-18T16:46:40","modified_gmt":"2025-09-18T16:46:40","slug":"sonpura-mattress-100-day-trial-premium-comfort","status":"publish","type":"product","link":"https:\/\/www.masconfort.com\/en\/sonpura-mattress-100-day-trial-premium-comfort","title":{"rendered":"Sonpura Mattress with 100-Day Trial: Experience Premium Comfort, DISCONTINUED MODEL!!!"},"content":{"rendered":"<h2>DISCONTINUED MODEL<\/h2>\n<p> <strong>PLEASE, SEE THE UPDATED MODELS FROM OUR CATALOG OR ASK FOR A SIMILAR PRODUCT<\/strong><br \/>\n<strong>Bagged spring mattress with extraordinary characteristics, such as:<\/strong><\/p>\n<ul>\n<li>1800 pocket springs (for 150 x 190 size)<\/li>\n<p>.<\/p>\n<li>Cotton and linen natural fiber mattress, totally hypoallergenic<\/li>\n<p>.<\/p>\n<li>Fiber bonding support<\/li>\n<p>.<\/p>\n<li>Fiber shock absorber<\/li>\n<p>.\n<\/ul>\n<p>Patented MULTISAC\u00a9 pocket spring system<br \/>\nLateral reinforcements and exclusive design with 6 handles.<\/p>\n<p>Ergonomic, silk touch and a first class viscoelastic, in addition to the best quality foams give this mattress of the Sonpura brand (manufacturers since 1969) a superior quality.<\/p>\n<p>And it gets better&#8230;.<\/p>\n<h2 class=\"my-5 text-center\">with a 100-day trial period<\/h2>\n<p>.<\/p>\n<p><strong class=\"h5 d-block\">Price for 150X190cm size : 970\u20ac<\/strong>.<\/p>\n<div class=\"embed-responsive embed-responsive-16by9 mt-3 mb-5 position-relative\"><span class=\"position-absolute\" style=\"top: -150px\" id=\"video\"><\/span><iframe loading=\"lazy\" title=\"Promoci\u00f3n Colch\u00f3n Sompura en Masconf\u00f6rt\" width=\"500\" height=\"281\" src=\"https:\/\/www.youtube.com\/embed\/RHk-09sO6MA?feature=oembed\" frameborder=\"0\" allow=\"accelerometer; autoplay; clipboard-write; encrypted-media; gyroscope; picture-in-picture; web-share\" referrerpolicy=\"strict-origin-when-cross-origin\" allowfullscreen><\/iframe><\/div>\n","protected":false},"excerpt":{"rendered":"<p>Pocket spring mattress with extraordinary features<\/p>\n","protected":false},"featured_media":1329,"comment_status":"open","ping_status":"closed","template":"","meta":[],"product_brand":[],"product_cat":[94,96,113],"product_tag":[67],"class_list":{"0":"post-1624","1":"product","2":"type-product","3":"status-publish","4":"has-post-thumbnail","6":"product_cat-best-mattresses","7":"product_cat-mattresses","8":"product_cat-pocket-springs","9":"product_tag-sonpura","11":"first","12":"instock","13":"sale","14":"taxable","15":"shipping-taxable","16":"purchasable","17":"product-type-simple"},"_links":{"self":[{"href":"https:\/\/www.masconfort.com\/en\/wp-json\/wp\/v2\/product\/1624","targetHints":{"allow":["GET"]}}],"collection":[{"href":"https:\/\/www.masconfort.com\/en\/wp-json\/wp\/v2\/product"}],"about":[{"href":"https:\/\/www.masconfort.com\/en\/wp-json\/wp\/v2\/types\/product"}],"replies":[{"embeddable":true,"href":"https:\/\/www.masconfort.com\/en\/wp-json\/wp\/v2\/comments?post=1624"}],"wp:featuredmedia":[{"embeddable":true,"href":"https:\/\/www.masconfort.com\/en\/wp-json\/wp\/v2\/media\/1329"}],"wp:attachment":[{"href":"https:\/\/www.masconfort.com\/en\/wp-json\/wp\/v2\/media?parent=1624"}],"wp:term":[{"taxonomy":"product_brand","embeddable":true,"href":"https:\/\/www.masconfort.com\/en\/wp-json\/wp\/v2\/product_brand?post=1624"},{"taxonomy":"product_cat","embeddable":true,"href":"https:\/\/www.masconfort.com\/en\/wp-json\/wp\/v2\/product_cat?post=1624"},{"taxonomy":"product_tag","embeddable":true,"href":"https:\/\/www.masconfort.com\/en\/wp-json\/wp\/v2\/product_tag?post=1624"}],"curies":[{"name":"wp","href":"https:\/\/api.w.org\/{rel}","templated":true}]}}