{"id":1688,"date":"2016-12-30T10:47:38","date_gmt":"2016-12-30T10:47:38","guid":{"rendered":"https:\/\/www.masconfort.com\/colchon-economico-viscoeslatico-cvmc-0101"},"modified":"2024-06-19T18:38:51","modified_gmt":"2024-06-19T18:38:51","slug":"economic-viscoelastic-mattress-by-masconfort-budget-friendly-comfort","status":"publish","type":"product","link":"https:\/\/www.masconfort.com\/en\/economic-viscoelastic-mattress-by-masconfort-budget-friendly-comfort","title":{"rendered":"Economic Viscoelastic Mattress by Masconfort: Budget-Friendly Comfort"},"content":{"rendered":"<p><strong>Economic mattress manufactured in the best standards. It will provide some sensations according to measurements, average softness \/ firmness and average freshness \/ warmth..<\/strong><\/p>\n<p>Mattress with continuous quilting of five layers, first layer of Aloe Stretch fabric, second layer of Soft hollow fiber and a third layer consists of HR SOFT PUR-MAX material in three thickness options, 19cm, 16cm and 13cm. The fourth layer consists of Soft Hollow Fiber and the fifth layer is composed of Aloe Stretch Fabric..<\/p>\n<h2>For greater peace of mind<\/h2>\n<p>In our Estepona store you will have two years offered directly by the manufacturer..<\/p>\n","protected":false},"excerpt":{"rendered":"<p>Colch\u00f3n econ\u00f3mico fabricado en los mejores est\u00e1ndares. Que proporcionar\u00e1 unas sensaciones seg\u00fan medidiones, Media de suavidad\/firmeza y Media de frescor\/calidez.<\/p>\n","protected":false},"featured_media":973,"comment_status":"open","ping_status":"closed","template":"","meta":[],"product_brand":[],"product_cat":[94,96,115],"product_tag":[71],"class_list":{"0":"post-1688","1":"product","2":"type-product","3":"status-publish","4":"has-post-thumbnail","6":"product_cat-best-mattresses","7":"product_cat-mattresses","8":"product_cat-memory-foam","9":"product_tag-karibian","11":"first","12":"instock","13":"product-type-simple"},"_links":{"self":[{"href":"https:\/\/www.masconfort.com\/en\/wp-json\/wp\/v2\/product\/1688","targetHints":{"allow":["GET"]}}],"collection":[{"href":"https:\/\/www.masconfort.com\/en\/wp-json\/wp\/v2\/product"}],"about":[{"href":"https:\/\/www.masconfort.com\/en\/wp-json\/wp\/v2\/types\/product"}],"replies":[{"embeddable":true,"href":"https:\/\/www.masconfort.com\/en\/wp-json\/wp\/v2\/comments?post=1688"}],"wp:featuredmedia":[{"embeddable":true,"href":"https:\/\/www.masconfort.com\/en\/wp-json\/wp\/v2\/media\/973"}],"wp:attachment":[{"href":"https:\/\/www.masconfort.com\/en\/wp-json\/wp\/v2\/media?parent=1688"}],"wp:term":[{"taxonomy":"product_brand","embeddable":true,"href":"https:\/\/www.masconfort.com\/en\/wp-json\/wp\/v2\/product_brand?post=1688"},{"taxonomy":"product_cat","embeddable":true,"href":"https:\/\/www.masconfort.com\/en\/wp-json\/wp\/v2\/product_cat?post=1688"},{"taxonomy":"product_tag","embeddable":true,"href":"https:\/\/www.masconfort.com\/en\/wp-json\/wp\/v2\/product_tag?post=1688"}],"curies":[{"name":"wp","href":"https:\/\/api.w.org\/{rel}","templated":true}]}}